{"id":28523,"date":"2022-12-02T11:12:16","date_gmt":"2022-12-02T18:12:16","guid":{"rendered":"https:\/\/loghouseplants.com\/plants\/?post_type=product&#038;p=28523"},"modified":"2023-02-20T11:22:01","modified_gmt":"2023-02-20T18:22:01","slug":"daffodil-tete-a-tete-miniature-daffodil","status":"publish","type":"product","link":"https:\/\/loghouseplants.com\/plants\/shop\/daffodil-tete-a-tete-miniature-daffodil\/","title":{"rendered":"Dwarf Daffodil &#8216;T\u00eate \u00e0 T\u00eate&#8217;"},"content":{"rendered":"<p>A perky little heirloom daffodil that has fragrant buttercup-yellow petals and yellow-orange cups. With 2 to 3 flowers per stem, T\u00eate \u00e0 T\u00eate is a prolific bloomer that forms large colonies. Its small size makes it ideal for planting in patio containers or at the front of the border. Grows 6 to 8 inches. Prefers moist, well-drained soil. Full sun to dappled shade. Hardy perennial. Photo courtesy of Brent &amp; Becky&#8217;s Bulbs.<br \/>\n&nbsp;<br \/>\n<a href=\"https:\/\/loghouseplants.com\/plants\/wp-content\/uploads\/2022\/12\/Daffodil-Tete-a-Tete-FC.jpg\"><img decoding=\"async\" loading=\"lazy\" src=\"https:\/\/loghouseplants.com\/plants\/wp-content\/uploads\/2022\/12\/Daffodil-Tete-a-Tete-FC-1024x488.jpg\" alt=\"Daffodil Tete a Tete-FC\" width=\"1024\" height=\"488\" class=\"alignleft size-large wp-image-29434\" srcset=\"https:\/\/loghouseplants.com\/plants\/wp-content\/uploads\/2022\/12\/Daffodil-Tete-a-Tete-FC-1024x488.jpg 1024w, https:\/\/loghouseplants.com\/plants\/wp-content\/uploads\/2022\/12\/Daffodil-Tete-a-Tete-FC-300x143.jpg 300w, https:\/\/loghouseplants.com\/plants\/wp-content\/uploads\/2022\/12\/Daffodil-Tete-a-Tete-FC-768x366.jpg 768w, https:\/\/loghouseplants.com\/plants\/wp-content\/uploads\/2022\/12\/Daffodil-Tete-a-Tete-FC-1536x731.jpg 1536w, https:\/\/loghouseplants.com\/plants\/wp-content\/uploads\/2022\/12\/Daffodil-Tete-a-Tete-FC-700x333.jpg 700w, https:\/\/loghouseplants.com\/plants\/wp-content\/uploads\/2022\/12\/Daffodil-Tete-a-Tete-FC.jpg 1575w\" sizes=\"(max-width: 1024px) 100vw, 1024px\" \/><\/a><\/p>\n","protected":false},"excerpt":{"rendered":"<p>A perky little heirloom daffodil that has fragrant buttercup-yellow petals and yellow-orange cups. With 2 to 3 flowers per stem, T\u00eate \u00e0 T\u00eate is a prolific bloomer that forms large colonies. Its small size makes it ideal for planting in patio containers or at the front of the border. Grows 6 to 8 inches. Prefers [&hellip;]<\/p>\n","protected":false},"featured_media":29432,"comment_status":"closed","ping_status":"closed","template":"","meta":[],"product_cat":[1811],"product_tag":[1779,1812],"_links":{"self":[{"href":"https:\/\/loghouseplants.com\/plants\/wp-json\/wp\/v2\/product\/28523"}],"collection":[{"href":"https:\/\/loghouseplants.com\/plants\/wp-json\/wp\/v2\/product"}],"about":[{"href":"https:\/\/loghouseplants.com\/plants\/wp-json\/wp\/v2\/types\/product"}],"replies":[{"embeddable":true,"href":"https:\/\/loghouseplants.com\/plants\/wp-json\/wp\/v2\/comments?post=28523"}],"wp:featuredmedia":[{"embeddable":true,"href":"https:\/\/loghouseplants.com\/plants\/wp-json\/wp\/v2\/media\/29432"}],"wp:attachment":[{"href":"https:\/\/loghouseplants.com\/plants\/wp-json\/wp\/v2\/media?parent=28523"}],"wp:term":[{"taxonomy":"product_cat","embeddable":true,"href":"https:\/\/loghouseplants.com\/plants\/wp-json\/wp\/v2\/product_cat?post=28523"},{"taxonomy":"product_tag","embeddable":true,"href":"https:\/\/loghouseplants.com\/plants\/wp-json\/wp\/v2\/product_tag?post=28523"}],"curies":[{"name":"wp","href":"https:\/\/api.w.org\/{rel}","templated":true}]}}