{"id":20400,"date":"2018-11-21T12:52:20","date_gmt":"2018-11-21T19:52:20","guid":{"rendered":"http:\/\/loghouseplants.com\/plants\/shop\/pepper-sweet-nadapeno-sweet-jalapeno\/"},"modified":"2020-02-19T14:05:19","modified_gmt":"2020-02-19T21:05:19","slug":"pepper-sweet-nadapeno-sweet-jalapeno","status":"publish","type":"product","link":"https:\/\/loghouseplants.com\/plants\/shop\/pepper-sweet-nadapeno-sweet-jalapeno\/","title":{"rendered":"Pepper (Sweet) \u2018Nadape\u00f1o&#8217; (sweet jalape\u00f1o)"},"content":{"rendered":"<p>Love the flavor of jalape\u00f1os but can&#8217;t stand the heat? Don&#8217;t get out of the kitchen; plant some of these new, sweet jalape\u00f1os instead! All the flavor of a traditional jalape\u00f1o pepper but without all that heat. Fruits are 3&#8243; long and will ripen from green to red. 55 days to green, 80 days to red. Sturdy plants with heavy yields. Great for nachos, salsa or just fresh eating!<\/p>\n<p>Care: Plant 18-24\u2033 apart in rows 24-30\u2033 apart in full sun. Keep soil uniformly moist (but not waterlogged) for best production.<\/p>\n","protected":false},"excerpt":{"rendered":"<p>Love the flavor of jalape\u00f1os but can&#8217;t stand the heat? Don&#8217;t get out of the kitchen; plant some of these new, sweet jalape\u00f1os instead! All the flavor of a traditional jalape\u00f1o pepper but without all that heat. Fruits are 3&#8243; long and will ripen from green to red. 55 days to green, 80 days to [&hellip;]<\/p>\n","protected":false},"featured_media":20401,"comment_status":"open","ping_status":"closed","template":"","meta":[],"product_cat":[14,44],"product_tag":[1237,1388,1539,495,552,365,318],"_links":{"self":[{"href":"https:\/\/loghouseplants.com\/plants\/wp-json\/wp\/v2\/product\/20400"}],"collection":[{"href":"https:\/\/loghouseplants.com\/plants\/wp-json\/wp\/v2\/product"}],"about":[{"href":"https:\/\/loghouseplants.com\/plants\/wp-json\/wp\/v2\/types\/product"}],"replies":[{"embeddable":true,"href":"https:\/\/loghouseplants.com\/plants\/wp-json\/wp\/v2\/comments?post=20400"}],"wp:featuredmedia":[{"embeddable":true,"href":"https:\/\/loghouseplants.com\/plants\/wp-json\/wp\/v2\/media\/20401"}],"wp:attachment":[{"href":"https:\/\/loghouseplants.com\/plants\/wp-json\/wp\/v2\/media?parent=20400"}],"wp:term":[{"taxonomy":"product_cat","embeddable":true,"href":"https:\/\/loghouseplants.com\/plants\/wp-json\/wp\/v2\/product_cat?post=20400"},{"taxonomy":"product_tag","embeddable":true,"href":"https:\/\/loghouseplants.com\/plants\/wp-json\/wp\/v2\/product_tag?post=20400"}],"curies":[{"name":"wp","href":"https:\/\/api.w.org\/{rel}","templated":true}]}}